{"id":11596,"date":"2018-06-12T22:16:58","date_gmt":"2018-06-12T20:16:58","guid":{"rendered":"http:\/\/www.teresianum.net\/?page_id=11596"},"modified":"2020-08-04T19:05:18","modified_gmt":"2020-08-04T17:05:18","slug":"cts45-santelisabetta-della-trinita","status":"publish","type":"page","link":"https:\/\/www.teresianum.net\/en\/corso-di-teologia-spirituale\/curriculum-di-studio\/cts45-santelisabetta-della-trinita\/","title":{"rendered":"CTS45 Santa Elisabetta della Trinit\u00e0"},"content":{"rendered":"<p class=\"qtranxs-available-languages-message qtranxs-available-languages-message-en\"> <p style=\"text-align: justify;\"><em>Docente:<\/em> Prof.ssa <a href=\"https:\/\/www.teresianum.net\/?page_id=3398\" target=\"_blank\" rel=\"noopener noreferrer\">Stefania Tassotti<\/a> \n<p style=\"text-align: justify;\"><strong>\u00a0<\/strong><\/p>\n<p><strong>Giustificazione<\/strong><\/p>\n<p>Elisabetta Catez (Elisabetta della Trinit\u00e0) non \u00e8 una teologa, ma la sua esperienza interiore pu\u00f2 essere definita una \u201cteologia esistenziale\u201d: la sua esperienza e la sua dottrina possono aiutare ogni cristiano a tornare all\u2019interiorit\u00e0 e a vivere una spiritualit\u00e0 capace di rispondere alle necessit\u00e0 e alle inquietudini del nostro tempo.<\/p>\n<p><strong>Obiettivi<\/strong><\/p>\n<p>Il corso si prefigge di avvicinare gli studenti alla figura e alla spiritualit\u00e0 di Elisabetta della Trinit\u00e0 attraverso la lettura di alcuni testi per favorirne la comprensione e l\u2019applicazione nelle varie situazioni di vita contemporanea.<\/p>\n<p><strong>Contenuto<\/strong><\/p>\n<ol>\n<li>Contesto storico e biografia.<\/li>\n<li>Interiorit\u00e0.<\/li>\n<li>La fede.<\/li>\n<li>La sofferenza.\u00a0<\/li>\n<li>L\u2019inabitazione.<\/li>\n<li>Elisabetta maestra e testimone della vita interiore.<\/li>\n<\/ol>\n<p><strong>Metodologia<\/strong><\/p>\n<p>Il corso avr\u00e0 il suo svolgimento attraverso una serie di lezioni magistrali durante le quali gli Studenti potranno intervenire con domande e contributi di riflessione personale.<\/p>\n<p><strong>Criteri di valutazione<\/strong><\/p>\n<p>Esame orale sui contenuti trattati durante le lezioni.<\/p>\n<p><strong>Distribuzione del tempo di lavoro<\/strong><\/p>\n<p>Alla presentazione e spiegazione degli argomenti trattati seguir\u00e0 la possibilit\u00e0 di dialogo e riflessione da parte degli studenti a partire dai testi di Elisabetta della Trinit\u00e0.<\/p>\n<p><strong>Bibliografia<\/strong><\/p>\n<ul>\n<li>ELISABETTA DELLA TRINIT\u00c0,\u00a0<em>Scritti<\/em>, Ed. OCD, Roma 2013.<\/li>\n<li>R. FORNARA, <em>Abitare la tua casa. Elevazione alla Trinit\u00e0 di Elisabetta della Trinit\u00e0. Testo e commento<\/em>, Ed. Monastero San Giuseppe, Roma 2005.<\/li>\n<li>C. GARC\u00cdA, <em>Isabel de la Trinidad. Experiencia de Dios en su vida y escritos<\/em>, Monte Carmelo, Burgos 2006.<\/li>\n<li>A.M. SICARI,\u00a0<em>Elisabetta della Trinit\u00e0. Un\u2019esistenza teologica,<\/em> Ed. OCD, Roma 1984.<\/li>\n<\/ul>","protected":false},"excerpt":{"rendered":"<p>Docente: Prof.ssa Stefania Tassotti \u00a0 Giustificazione Elisabetta Catez (Elisabetta della Trinit\u00e0) non \u00e8 una teologa, ma la sua esperienza interiore [&hellip;]<\/p>\n","protected":false},"author":2,"featured_media":0,"parent":9108,"menu_order":0,"comment_status":"closed","ping_status":"closed","template":"","meta":{"footnotes":""},"_links":{"self":[{"href":"https:\/\/www.teresianum.net\/en\/wp-json\/wp\/v2\/pages\/11596"}],"collection":[{"href":"https:\/\/www.teresianum.net\/en\/wp-json\/wp\/v2\/pages"}],"about":[{"href":"https:\/\/www.teresianum.net\/en\/wp-json\/wp\/v2\/types\/page"}],"author":[{"embeddable":true,"href":"https:\/\/www.teresianum.net\/en\/wp-json\/wp\/v2\/users\/2"}],"replies":[{"embeddable":true,"href":"https:\/\/www.teresianum.net\/en\/wp-json\/wp\/v2\/comments?post=11596"}],"version-history":[{"count":13,"href":"https:\/\/www.teresianum.net\/en\/wp-json\/wp\/v2\/pages\/11596\/revisions"}],"predecessor-version":[{"id":17857,"href":"https:\/\/www.teresianum.net\/en\/wp-json\/wp\/v2\/pages\/11596\/revisions\/17857"}],"up":[{"embeddable":true,"href":"https:\/\/www.teresianum.net\/en\/wp-json\/wp\/v2\/pages\/9108"}],"wp:attachment":[{"href":"https:\/\/www.teresianum.net\/en\/wp-json\/wp\/v2\/media?parent=11596"}],"curies":[{"name":"wp","href":"https:\/\/api.w.org\/{rel}","templated":true}]}}