{"id":11583,"date":"2018-06-12T22:08:28","date_gmt":"2018-06-12T20:08:28","guid":{"rendered":"http:\/\/www.teresianum.net\/?page_id=11583"},"modified":"2020-07-25T18:49:08","modified_gmt":"2020-07-25T16:49:08","slug":"cts39-orientamenti-spirituali-contemporanei","status":"publish","type":"page","link":"https:\/\/www.teresianum.net\/en\/corso-di-teologia-spirituale\/curriculum-di-studio\/cts39-orientamenti-spirituali-contemporanei\/","title":{"rendered":"CTS39 Orientamenti spirituali contemporanei"},"content":{"rendered":"<p class=\"qtranxs-available-languages-message qtranxs-available-languages-message-en\"> <p><em>Docente<\/em>: Prof. <a href=\"https:\/\/www.teresianum.net\/?page_id=3381\" target=\"_blank\" rel=\"noopener noreferrer\">Raffaele di Muro<\/a> \n<p>&nbsp;<\/p>\n<p style=\"text-align: justify;\"><strong>Giustificazione<\/strong><\/p>\n<p style=\"text-align: justify;\">Il corso si propone di far conoscere agli studenti le linee di spiritualit\u00e0 emergenti in et\u00e0 contemporanea nell\u2019universo ecclesiale. Dopo il Vaticano II, con i suoi \u201cnuovi\u201d parametri nel valutare la santit\u00e0 dei cristiani, la Chiesa ha riconosciuto ed esaltato figure di enorme spessore che hanno offerto ai fratelli una testimonianza importante e un contributo di valore altissimo. Diversi sono i personaggi significativi da ricordare. Essi sono di varia estrazione e propongono itinerari spirituali apprezzabili ed attuabili dai cristiani di oggi. Si tratta di religiosi, laici, martiri, vittime d\u2019amore, asceti e contemplativi, che si sono imposti all\u2019attenzione dei credenti, grazie a un pregevole stile di vita e a un pregnante messaggio.<\/p>\n<p style=\"text-align: justify;\"><strong>Contenuti<\/strong><\/p>\n<p style=\"text-align: justify;\">Le lezioni saranno inaugurate dalla esposizione della teologia della santit\u00e0, figlia del Vaticano II. In seguito, tratteremo alcune figure-simbolo dell\u2019et\u00e0 contemporanea, in particolare quelle che hanno inaugurato itinerari innovativi, molto apprezzati e valorizzati dalla famiglia ecclesiale: si tratta di Charles de Foucauld (eremo e carit\u00e0), Teresa di Ges\u00f9 Bambino (piccola via), Gemma Galgani (spiritualit\u00e0 vittimale), Massimiliano Kolbe (martirio della carit\u00e0), Teresa Benedetta della Croce (martirio dei totalitarismi), Pio da Pietrelcina (spiritualit\u00e0 vittimale).\u00a0Il corso sar\u00e0 completato da considerazioni sulla santit\u00e0, tratte dai recenti insegnamenti magisteriali.<\/p>\n<p style=\"text-align: justify;\"><strong>Metodologia<\/strong>\u00a0<\/p>\n<p style=\"text-align: justify;\">Le lezioni si svolgeranno nella classica forma \u201cfrontale\u201d. Il contenuto del corso sar\u00e0 proposto in aula nella versione \u201cpower point\u201d. Allo studente sar\u00e0 data la possibilit\u00e0 di consultare un\u2019ampia bibliografia, oltre quella proposta pi\u00f9 avanti.<\/p>\n<p style=\"text-align: justify;\"><strong>Criteri di valutazione<\/strong><\/p>\n<p style=\"text-align: justify;\">Gli studenti sosterranno un colloquio con il docente circa i contenuti del corso.<\/p>\n<p style=\"text-align: justify;\"><strong>Distribuzione del tempo<\/strong><\/p>\n<p style=\"text-align: justify;\">Il docente detter\u00e0 il contenuto di tutto il programma nell\u2019arco del tempo concordato, offrendo anche spunti di riflessione per ulteriori ricerche.<\/p>\n<p style=\"text-align: justify;\"><strong>Bibliografia<\/strong><\/p>\n<ul>\n<li style=\"text-align: justify;\">J. SARAIVA MARTINS,<em> La santit\u00e0 \u00e8 possibile. Sono nati per non morire, <\/em>Citt\u00e0 del Vaticano 2014;<\/li>\n<li style=\"text-align: justify;\">A. AMATO, <em>I santi testimoni della fede<\/em>, Citt\u00e0 del Vaticano 2012;<\/li>\n<li style=\"text-align: justify;\">A. AMATO, <em>I santi evangelizzano, <\/em>Citt\u00e0 del Vaticano 2013;<\/li>\n<li style=\"text-align: justify;\">A. AMATO, <em>I santi apostoli di Cristo risorto<\/em>, Citt\u00e0 del Vaticano 2015;<\/li>\n<li style=\"text-align: justify;\">A. AMATO, I santi messaggeri di misericordia, Citt\u00e0 del Vaticano 2016.<\/li>\n<\/ul>","protected":false},"excerpt":{"rendered":"<p>Docente: Prof. Raffaele di Muro &nbsp; Giustificazione Il corso si propone di far conoscere agli studenti le linee di spiritualit\u00e0 [&hellip;]<\/p>\n","protected":false},"author":2,"featured_media":0,"parent":9108,"menu_order":0,"comment_status":"closed","ping_status":"closed","template":"","meta":{"footnotes":""},"_links":{"self":[{"href":"https:\/\/www.teresianum.net\/en\/wp-json\/wp\/v2\/pages\/11583"}],"collection":[{"href":"https:\/\/www.teresianum.net\/en\/wp-json\/wp\/v2\/pages"}],"about":[{"href":"https:\/\/www.teresianum.net\/en\/wp-json\/wp\/v2\/types\/page"}],"author":[{"embeddable":true,"href":"https:\/\/www.teresianum.net\/en\/wp-json\/wp\/v2\/users\/2"}],"replies":[{"embeddable":true,"href":"https:\/\/www.teresianum.net\/en\/wp-json\/wp\/v2\/comments?post=11583"}],"version-history":[{"count":8,"href":"https:\/\/www.teresianum.net\/en\/wp-json\/wp\/v2\/pages\/11583\/revisions"}],"predecessor-version":[{"id":17724,"href":"https:\/\/www.teresianum.net\/en\/wp-json\/wp\/v2\/pages\/11583\/revisions\/17724"}],"up":[{"embeddable":true,"href":"https:\/\/www.teresianum.net\/en\/wp-json\/wp\/v2\/pages\/9108"}],"wp:attachment":[{"href":"https:\/\/www.teresianum.net\/en\/wp-json\/wp\/v2\/media?parent=11583"}],"curies":[{"name":"wp","href":"https:\/\/api.w.org\/{rel}","templated":true}]}}