{"id":11577,"date":"2018-06-12T21:58:08","date_gmt":"2018-06-12T19:58:08","guid":{"rendered":"http:\/\/www.teresianum.net\/?page_id=11577"},"modified":"2020-07-25T18:45:15","modified_gmt":"2020-07-25T16:45:15","slug":"cts37-la-preghiera-cristiana","status":"publish","type":"page","link":"https:\/\/www.teresianum.net\/en\/corso-di-teologia-spirituale\/curriculum-di-studio\/cts37-la-preghiera-cristiana\/","title":{"rendered":"CTS37 La preghiera cristiana"},"content":{"rendered":"<p class=\"qtranxs-available-languages-message qtranxs-available-languages-message-en\"> <p style=\"text-align: justify;\"><em>Docente<\/em>: Prof. <a href=\"https:\/\/www.teresianum.net\/?page_id=3325\" target=\"_blank\" rel=\"noopener noreferrer\">Fran\u00e7ois-Marie L\u00e9thel<\/a> \n<p style=\"text-align: justify;\"><strong>\u00a0<\/strong><\/p>\n<p style=\"text-align: justify;\"><strong>Giustificazione<\/strong><\/p>\n<p style=\"text-align: justify;\">La preghiera cristiana \u00e8 una realt\u00e0 immensa e misteriosa. \u00c8 l\u2019anima della vita cristiana nel suo dinamismo di santit\u00e0, in tutte le sue dimensioni, ed \u00e8 in modo particolare, \u00e8 l\u2019anima della teologia.<\/p>\n<p style=\"text-align: justify;\"><strong>Obiettivi<\/strong><\/p>\n<p style=\"text-align: justify;\">Si tratta di uno studio teologico della preghiera a partire dalle grandi fonti della Scrittura e della Tradizione, in relazione con la nostra vita nella Chiesa e nel mondo di oggi.<\/p>\n<p style=\"text-align: justify;\"><strong>Contenuti<\/strong><\/p>\n<p style=\"text-align: justify;\">La preghiera cristiana \u00e8 <em>cristocentrica e trinitaria, mariana ed ecclesiale, terrestre e celeste, umana ed angelica, personale e comunitaria<\/em>. \u00c8 come il respiro del Corpo Mistico di Cristo, il battito del Cuore della Chiesa, la voce del Popolo di Dio. Attraverso una grande diversit\u00e0 di forme e di espressioni, \u00e8 un\u2019immensa forza di salvezza per tutta l\u2019umanit\u00e0, come partecipazione all\u2019opera di Cristo, unico Salvatore del mondo. Il nostro studio si svolger\u00e0 nella grande prospettiva della <em>teologia dei santi<\/em>, nel rapporto tra <em>santit\u00e0, preghiera e teologia, <\/em>seguendo il cammino storico della Chiesa.<\/p>\n<p style=\"text-align: justify;\"><strong>Metodologia<\/strong><\/p>\n<p style=\"text-align: justify;\">Tutto il corso si svolger\u00e0 a contatto diretto con le fonti, cio\u00e8 con i testi dei Santi in relazione con la preghiera.<\/p>\n<p style=\"text-align: justify;\"><strong>Criteri di valutazione<\/strong><\/p>\n<p style=\"text-align: justify;\">Esame orale o elaborato, secondo la scelta dello Studente.<\/p>\n<p style=\"text-align: justify;\"><strong>Distribuzione del tempo di lavoro<\/strong><\/p>\n<p style=\"text-align: justify;\">&#8211; Introduzione: Alcuni testi fondamentali della Sacra Scrittura (La preghiera di Ges\u00f9 nel Getsemani, il Padre Nostro, la preghiera di Maria, di Paolo e della Chiesa Celeste) e della Tradizione della Chiesa (Preghiera Eucaristica II, Ave Maria, ecc&#8230;).<br \/>\n&#8211; Prima parte: Visione d\u2019insieme e metodo teologico (La <em>teologia dei santi<\/em>, Teresa di Lisieux, Dottore della Preghiera, il <em>Catechismo della Chiesa Cattolica<\/em>)<em>.<br \/>\n<\/em>&#8211; Seconda parte: Approfondimento con il <em>prisma<\/em> dei santi. I <em>Padri <\/em>(Agostino e Dionigi Areopagita), i <em>Dottori e Mistici<\/em> del Medioevo (Anselmo d\u2019Aosta, Francesco d\u2019Assisi e Caterina da Siena), i tre <em>Dottori Carmelitani<\/em> sintetizzati dal beato Maria Eugenio di Ges\u00f9 Bambino). La dimensione mariana ed ecumenica (Luigi Maria di Montfort, Giovanni Paolo II e Chiara Lubich).<\/p>\n<p style=\"text-align: justify;\"><strong>Bibliografia<\/strong><\/p>\n<ul>\n<li style=\"text-align: justify;\"><em>Catechismo della Chiesa Cattolica<\/em>;<\/li>\n<li style=\"text-align: justify;\">TERESA DI LISIEUX: <em>Storia di un\u2019anima<\/em>, (Roma, ed OCD, 2015);<\/li>\n<li style=\"text-align: justify;\">F.M. LETHEL, <em>La Luce di Cristo nel Cuore della Chiesa<\/em>, (Libreria Editrice Vaticana, 2011).<\/li>\n<\/ul>","protected":false},"excerpt":{"rendered":"<p>Docente: Prof. Fran\u00e7ois-Marie L\u00e9thel \u00a0 Giustificazione La preghiera cristiana \u00e8 una realt\u00e0 immensa e misteriosa. \u00c8 l\u2019anima della vita cristiana [&hellip;]<\/p>\n","protected":false},"author":2,"featured_media":0,"parent":9108,"menu_order":0,"comment_status":"closed","ping_status":"closed","template":"","meta":{"footnotes":""},"_links":{"self":[{"href":"https:\/\/www.teresianum.net\/en\/wp-json\/wp\/v2\/pages\/11577"}],"collection":[{"href":"https:\/\/www.teresianum.net\/en\/wp-json\/wp\/v2\/pages"}],"about":[{"href":"https:\/\/www.teresianum.net\/en\/wp-json\/wp\/v2\/types\/page"}],"author":[{"embeddable":true,"href":"https:\/\/www.teresianum.net\/en\/wp-json\/wp\/v2\/users\/2"}],"replies":[{"embeddable":true,"href":"https:\/\/www.teresianum.net\/en\/wp-json\/wp\/v2\/comments?post=11577"}],"version-history":[{"count":11,"href":"https:\/\/www.teresianum.net\/en\/wp-json\/wp\/v2\/pages\/11577\/revisions"}],"predecessor-version":[{"id":17723,"href":"https:\/\/www.teresianum.net\/en\/wp-json\/wp\/v2\/pages\/11577\/revisions\/17723"}],"up":[{"embeddable":true,"href":"https:\/\/www.teresianum.net\/en\/wp-json\/wp\/v2\/pages\/9108"}],"wp:attachment":[{"href":"https:\/\/www.teresianum.net\/en\/wp-json\/wp\/v2\/media?parent=11577"}],"curies":[{"name":"wp","href":"https:\/\/api.w.org\/{rel}","templated":true}]}}