{"id":11569,"date":"2018-06-12T21:50:08","date_gmt":"2018-06-12T19:50:08","guid":{"rendered":"http:\/\/www.teresianum.net\/?page_id=11569"},"modified":"2020-08-04T19:02:56","modified_gmt":"2020-08-04T17:02:56","slug":"cts35-spiritualita-biblica","status":"publish","type":"page","link":"https:\/\/www.teresianum.net\/en\/corso-di-teologia-spirituale\/curriculum-di-studio\/cts35-spiritualita-biblica\/","title":{"rendered":"CTS35 Spiritualit\u00e0 biblica"},"content":{"rendered":"<p class=\"qtranxs-available-languages-message qtranxs-available-languages-message-en\"> <p style=\"text-align: justify;\"><em>Docente<\/em>: Prof. <a href=\"https:\/\/www.teresianum.net\/?page_id=12818\" target=\"_blank\" rel=\"noopener noreferrer\">Richard Francis DSOUZA<\/a>\u00a0\n<p>&nbsp;<\/p>\n<p style=\"text-align: justify;\"><strong>Giustificazione<\/strong><\/p>\n<p style=\"text-align: justify;\">\u00abLa Chiesa ha sempre considerato e considera le divine Scritture come la regola suprema della propria fede [&#8230;] nella parola di Dio poi \u00e8 insita tanta efficacia e potenza da essere sostegno e vigore della Chiesa, e per i figli della Chiesa saldezza della fede, cibo dell&#8217;anima, sorgente pura e perenne della vita spirituale\u00bb (DV 21).<\/p>\n<p style=\"text-align: justify;\"><strong>Obiettivi<\/strong><\/p>\n<p style=\"text-align: justify;\">Portare a scoprire la ricchezza delle diverse spiritualit\u00e0 presenti nella Bibbia quali fonti dell&#8217;arrichimento della spiritualit\u00e0 propria dello studente.<\/p>\n<p style=\"text-align: justify;\"><strong>Contenuti<\/strong><\/p>\n<p style=\"text-align: justify;\">Dall&#8217;Antico Testamento: la spiritualit\u00e0 della Torah, la spiritualit\u00e0 profetica, la spiritualit\u00e0 sapienziale e la spiritualit\u00e0 salmica. Dal Nuovo Testamento: la spiritualit\u00e0 di Ges\u00f9 e dei Sinottici, la spiritualit\u00e0 paolina e la spiritualit\u00e0 giovannea.<\/p>\n<p style=\"text-align: justify;\"><strong>Metodo<\/strong><\/p>\n<p style=\"text-align: justify;\">Lezioni aperte al dialogo sostenute da appunti relativi alle spiegazioni in aula.<\/p>\n<p style=\"text-align: justify;\"><strong>Criteri di valutazione<\/strong><\/p>\n<p style=\"text-align: justify;\">Un elaborato fatto a casa e consegnato per la valutazione.<\/p>\n<p style=\"text-align: justify;\"><strong>Distribuzione del tempo di lavoro<\/strong><\/p>\n<p style=\"text-align: justify;\">Le lezioni saranno destinate all\u2019esposizione frontale con il sussidio delle PP presentazioni.<\/p>\n<p style=\"text-align: justify;\"><strong>Bibliografia<\/strong><\/p>\n<ul>\n<li style=\"text-align: justify;\">G. RAVASI, <em>Spiritualit\u00e0 e Bibbia<\/em>, Brescia 2018.<\/li>\n<li style=\"text-align: justify;\">A. DE PALMAERT \u2013 J. CHABERT,<em> Cento personaggi per comprendere la Bibbia,<\/em> Bologna 2016.<\/li>\n<li style=\"text-align: justify;\"><em>Nuovo Grande Commentario Biblico<\/em>, Brescia 2002.<\/li>\n<li style=\"text-align: justify;\">A. FANULI (a cura di), <em>La spiritualit\u00e0 dell\u2019Antico Testamento<\/em>, Citt\u00e0 di Castello 1989.<\/li>\n<li style=\"text-align: justify;\">G. BARBAGLIO (a cura di), <em>La spiritualit\u00e0 del Nuovo Testamento<\/em>, Bologna 1988.<\/li>\n<li style=\"text-align: justify;\">R. FABRIS (a cura di), <em>La spiritualit\u00e0 del Nuovo Testamento<\/em>, Citt\u00e0 di Castello 1985.<\/li>\n<li style=\"text-align: justify;\">C. VAGAGGINI, <em>Bibbia e spiritualit\u00e0<\/em>, Roma 1967.<\/li>\n<\/ul>","protected":false},"excerpt":{"rendered":"<p>Docente: Prof. Richard Francis DSOUZA\u00a0 &nbsp; Giustificazione \u00abLa Chiesa ha sempre considerato e considera le divine Scritture come la regola [&hellip;]<\/p>\n","protected":false},"author":2,"featured_media":0,"parent":9108,"menu_order":0,"comment_status":"closed","ping_status":"closed","template":"","meta":{"footnotes":""},"_links":{"self":[{"href":"https:\/\/www.teresianum.net\/en\/wp-json\/wp\/v2\/pages\/11569"}],"collection":[{"href":"https:\/\/www.teresianum.net\/en\/wp-json\/wp\/v2\/pages"}],"about":[{"href":"https:\/\/www.teresianum.net\/en\/wp-json\/wp\/v2\/types\/page"}],"author":[{"embeddable":true,"href":"https:\/\/www.teresianum.net\/en\/wp-json\/wp\/v2\/users\/2"}],"replies":[{"embeddable":true,"href":"https:\/\/www.teresianum.net\/en\/wp-json\/wp\/v2\/comments?post=11569"}],"version-history":[{"count":13,"href":"https:\/\/www.teresianum.net\/en\/wp-json\/wp\/v2\/pages\/11569\/revisions"}],"predecessor-version":[{"id":17855,"href":"https:\/\/www.teresianum.net\/en\/wp-json\/wp\/v2\/pages\/11569\/revisions\/17855"}],"up":[{"embeddable":true,"href":"https:\/\/www.teresianum.net\/en\/wp-json\/wp\/v2\/pages\/9108"}],"wp:attachment":[{"href":"https:\/\/www.teresianum.net\/en\/wp-json\/wp\/v2\/media?parent=11569"}],"curies":[{"name":"wp","href":"https:\/\/api.w.org\/{rel}","templated":true}]}}