{"id":10730,"date":"2018-02-14T08:52:35","date_gmt":"2018-02-14T07:52:35","guid":{"rendered":"http:\/\/www.teresianum.net\/?page_id=10730"},"modified":"2020-08-04T18:49:47","modified_gmt":"2020-08-04T16:49:47","slug":"ocs09-trasformazione-spirituale","status":"publish","type":"page","link":"https:\/\/www.teresianum.net\/en\/corso-di-teologia-spirituale-online\/curriculum-di-studio-ts-online\/ocs09-trasformazione-spirituale\/","title":{"rendered":"OCS09 Trasformazione spirituale"},"content":{"rendered":"<p class=\"qtranxs-available-languages-message qtranxs-available-languages-message-en\"> <p style=\"text-align: justify;\"><em>Docente<\/em>: Prof. \u00a0<a target=\"_blank\" href=\"\/persone\/corpo-docente\/RAFFAELE-DI-MURO\/\">RAFFAELE DI MURO<\/a>\u00a0<\/p>\n<p style=\"text-align: justify;\"><strong>\u00a0<\/strong><\/p>\n<p style=\"text-align: justify;\"><strong>Giustificazione<\/strong><\/p>\n<p style=\"text-align: justify;\">Il vissuto cristiano \u00e8 in continua trasformazione. Come accade nella vita fisica, anche lo spirito compie un percorso di costante evoluzione, se ben orientato. Il corso si propone di cogliere i tempi e le caratteristiche di detto itinerario, determinato dall\u2019assimilazione e dell\u2019interiorizzazione della figura di Cristo e dai valori da Lui consegnati all\u2019umanit\u00e0. In questo processo di studio verr\u00e0 presa in debita considerazione quanto la riflessione biblica e la tradizione spirituale consegnano lungo i secoli, cio\u00e8 le \u201cvie\u201d di progresso interiore che hanno illuminato l\u2019esistenza di tanti uomini e donne di fede. Il corso si propone, infine, di sondare la riflessione dell\u2019attuale teologia spirituale circa la realizzazione dell\u2019\u201duomo nuovo\u201d, modellato da Cristo con il contributo dalla secolare sapienza della Chiesa. Sar\u00e0 utile, infine, compiere una sintesi per individuare le dinamiche costanti della trasformazione spirituale dell\u2019uomo.<\/p>\n<p style=\"text-align: justify;\"><strong>Obiettivi<\/strong><\/p>\n<p style=\"text-align: justify;\">L\u2019obiettivo del corso \u00e8 quello di porre lo studente nella condizione di conoscere gli elementi portanti di un percorso di trasformazione in Cristo con le mediazioni e le modalit\u00e0 che la tradizione spirituale cristiana offre. Il compimento dell\u2019\u201duomo nuovo\u201d avviene secondo un processo di crescita che comporta diverse fasi, momenti di crisi e una costante tensione al progresso interiore. La riflessione biblica, la sapienza pluriennale della Chiesa e le riflessione di autori recenti aiuteranno i partecipanti a comprendere le dinamiche basilari dell\u2019evoluzione del percorso di perfezione cristiana.<\/p>\n<p style=\"text-align: justify;\"><strong>Contenuto<\/strong><\/p>\n<p style=\"text-align: justify;\">Fondazione cristologica della trasformazione interiore.<br \/>\nLa crescita spirituale: una continua trasformazione.<br \/>\nDinamismo cristiano determinato dal vissuto teologale.<br \/>\nAlcuni modelli di processi di trasformazione offerti dalla Bibbia e dalla tradizione spirituale cristiana.<br \/>\nLe costanti della trasformazione dell\u2019uomo nuovo.<\/p>\n<p style=\"text-align: justify;\"><strong>Metodologia<\/strong><\/p>\n<p style=\"text-align: justify;\">Lezioni audio con l\u2019ausilio del programma \u201cpower point\u201d e di dispense appositamente preparate dal docente.<\/p>\n<p style=\"text-align: justify;\">Lettura di testi consigliati: classici e contemporanei.<\/p>\n<p style=\"text-align: justify;\"><strong>Criteri di valutazione<\/strong><\/p>\n<p style=\"text-align: justify;\">Elaborato sulla base di quesiti proposti dal docente.<\/p>\n<p style=\"text-align: justify;\"><strong>Distribuzione del tempo di lavoro<\/strong><\/p>\n<p style=\"text-align: justify;\">Le lezioni saranno quelle previste dall\u2019Annuario. Il docente detter\u00e0 il contenuto di tutto il programma nell\u2019arco del tempo concordato, offrendo anche spunti di riflessione per ulteriori ricerche.<\/p>\n<p style=\"text-align: justify;\"><strong>Bibliografia<\/strong><\/p>\n<p style=\"text-align: justify;\">VON BALTHASAR, H. U., <em>La percezione della forma. Introduzione e traduzione di Giuseppe Ruggieri<\/em>, Jaca Book, Milano 1985 (1\u00b0 rist);<br \/>\nFANIN L., <em>La crescita nello spirito<\/em>, Messaggero, Padova 1995;<br \/>\nWAAIJMAN, K., <em>La spiritualit\u00e0. Forme, Fondamenti, Metodi<\/em>, Queriniana, Brescia 2007, 495-600;<br \/>\nJEANGUENIN, G., <em>Discernere: pensare e agire secondo Dio<\/em>, Ed. San Paolo, Cinisello Balsamo (Mi) 2008;<br \/>\nCOZZOLI, M., <em>Etica teologale. Fede, Carit\u00e0, Speranza<\/em>, Ed. San Paolo, Cinisello Balsamo (Mi) 2010<sup>2<\/sup>;<br \/>\nDE FIORES S, <em>Itinerario spirituale<\/em>, in <em>Nuovo Dizionario di Spiritualit\u00e0<\/em>, San Paolo, Cinisello Balsamo 1985, 787-809;<br \/>\nMONTANARI, A. (ed.), <em>I sensi spirituali. Tra corpo e Spirito<\/em>, Glossa, Milano 2012; <br \/>\nRUIZ, <em>Le vie dello spirito. Sintesi di teologia spirituale<\/em>, Edizioni Dehoniane, Bologna 1999;<br \/>\nZAS FRIZ DE COL, R., <em>La presenza trasformante del mistero. Prospettiva di teologia spiritale, <\/em>GBP, Roma 2015;<br \/>\nZAVALLONI R., <em>Maturit\u00e0 spirituale<\/em>, in <em>Nuovo Dizionario di Spiritualit\u00e0<\/em>, San Paolo, Cinisello Balsamo 1985, 932-946.787-809.<\/p>","protected":false},"excerpt":{"rendered":"<p>Docente: Prof. \u00a0\u00a0 \u00a0 Giustificazione Il vissuto cristiano \u00e8 in continua trasformazione. Come accade nella vita fisica, anche lo spirito [&hellip;]<\/p>\n","protected":false},"author":2,"featured_media":0,"parent":8460,"menu_order":0,"comment_status":"closed","ping_status":"closed","template":"","meta":{"footnotes":""},"_links":{"self":[{"href":"https:\/\/www.teresianum.net\/en\/wp-json\/wp\/v2\/pages\/10730"}],"collection":[{"href":"https:\/\/www.teresianum.net\/en\/wp-json\/wp\/v2\/pages"}],"about":[{"href":"https:\/\/www.teresianum.net\/en\/wp-json\/wp\/v2\/types\/page"}],"author":[{"embeddable":true,"href":"https:\/\/www.teresianum.net\/en\/wp-json\/wp\/v2\/users\/2"}],"replies":[{"embeddable":true,"href":"https:\/\/www.teresianum.net\/en\/wp-json\/wp\/v2\/comments?post=10730"}],"version-history":[{"count":15,"href":"https:\/\/www.teresianum.net\/en\/wp-json\/wp\/v2\/pages\/10730\/revisions"}],"predecessor-version":[{"id":17841,"href":"https:\/\/www.teresianum.net\/en\/wp-json\/wp\/v2\/pages\/10730\/revisions\/17841"}],"up":[{"embeddable":true,"href":"https:\/\/www.teresianum.net\/en\/wp-json\/wp\/v2\/pages\/8460"}],"wp:attachment":[{"href":"https:\/\/www.teresianum.net\/en\/wp-json\/wp\/v2\/media?parent=10730"}],"curies":[{"name":"wp","href":"https:\/\/api.w.org\/{rel}","templated":true}]}}