{"id":10437,"date":"2017-12-08T19:20:38","date_gmt":"2017-12-08T18:20:38","guid":{"rendered":"http:\/\/www.teresianum.net\/?page_id=10437"},"modified":"2018-09-20T19:24:08","modified_gmt":"2018-09-20T17:24:08","slug":"claudio-matteo-berardi","status":"publish","type":"page","link":"https:\/\/www.teresianum.net\/en\/persone\/corpo-docente\/claudio-matteo-berardi\/","title":{"rendered":"Claudio Matteo Berardi"},"content":{"rendered":"<p style=\"text-align: justify;\"><a href=\"https:\/\/www.teresianum.net\/claudio-matteo-berardi\/\" rel=\"attachment wp-att-10438\"><img loading=\"lazy\" decoding=\"async\" class=\"alignleft size-medium wp-image-10438\" src=\"https:\/\/www.teresianum.net\/wp-content\/uploads\/2017\/12\/Claudio-Matteo-Berardi-280x300.jpeg\" alt=\"Claudio Matteo Berardi\" width=\"180\" height=\"220\" \/><\/a><\/p>\n<p style=\"text-align: justify;\"><strong>Claudio Matteo Berardi<\/strong><br \/> Pontificia Facolt\u00e0 Teologica\u00a0<em>Teresianum<br \/> <\/em>Piazza San Pancrazio 5\/A<br \/> 00152 Roma<br \/> Italia<\/p>\n<p style=\"text-align: justify;\">berardi@teresianum.net<\/p>\n<p style=\"text-align: justify;\"><u><a href=\"http:\/\/www.donclaudioberardi.it\">www.donclaudioberardi.it<\/a><\/u>\u00a0\u00a0\u00a0\u00a0 <u><a href=\"http:\/\/www.teologicamente.it\">www.teologicamente.it<\/a><\/u><\/p>\n<p style=\"text-align: justify;\">\u00a0<\/p>\n<p style=\"text-align: justify;\"><div id=\"symple-tab-2252\" class=\"symple-tabs\"><ul class=\"ui-tabs-nav symple-clearfix\"><li><a href=\"#symple-tab-persona\">Persona<\/a><\/li><li><a href=\"#symple-tab-pubblicazioni\">Pubblicazioni<\/a><\/li><li><a href=\"#symple-tab-insegnamento\">Insegnamento<\/a><\/li><\/ul> <div id=\"symple-tab-persona\" class=\"tab-content symple-clearfix \">\n<p style=\"text-align: justify;\"><strong>Curriculum Vitae<\/strong><\/p>\n<p>Sacerdote Diocesano<\/p>\n<p><strong>Qualificazioni<\/strong><\/p>\n<ul>\n<li>2015 Correlatore della tesi dottorale in corso, presso l\u2019Istituto Internazionale di Teologia Pastorale Sanitaria Camillianum \u2013 Pontificia Universit\u00e0 Lateranense, Roma: \u201cL\u2019accompagnamento spirituale della persona vittima della stregoneria in Costa d\u2019Avorio nella regione di Bete di Daloa\u201d.<\/li>\n<li>2007 <strong>Laurea in Teologia<\/strong>: riconosciuta dall\u2019ordinamento didattico universitario italiano ex lege 341\/90 dal Ministero dell&#8217;Universit\u00e0 e della Ricerca con il Decreto del 19\/3\/2007.<\/li>\n<li>2001 <strong>Diploma: Postulatore per le Cause dei Santi<\/strong> presso lo Studium Congregazione delle Cause dei Santi &#8211; Citt\u00e0 del Vaticano.<\/li>\n<li>1998-2001 Alunno <strong>Pontificio Seminario Lombardo<\/strong><\/li>\n<\/ul>\n<p><strong>Incarichi<\/strong><\/p>\n<ul>\n<li>dal 2017 Seminario \u201cPsicologie, spiritualit\u00e0 e demonologia a confronto\u201d Teresiamun Roma (Anno Accademico 2017-2018)<\/li>\n<li>dal 2017 Corso \u201cMalattie e demonologia\u201d Camillianum Roma (Anno Accademico 2017-2018)<\/li>\n<li>dal 2017 Consiglio Presbiterale (membro eletto)<\/li>\n<li>dal 2016 Vice Presidente Istituto Diocesano Sostentamento Clero &#8211; Asti<\/li>\n<li>dal 2016 Vicario Foraneo &#8211; Vicaria \u201cCardinal Massaia\u201d<\/li>\n<li>dal 2016 Fondatore e Consigliere del \u201cCentro Culturale Sofia 1549\u201d di Tokyo<\/li>\n<li>dal 2009 al 2016 Consigliere Istituto Diocesano Sostentamento Clero &#8211; Asti<\/li>\n<li>dal 2013 Collaboratore alla Redazione della Rivista di vita Spirituale (O.C.D.)<\/li>\n<li>dal 2012 Presidente Fondazione Salus Hominis<\/li>\n<li>dal 2009 Consigliere Associazione Fra Guglielmo Massaia<\/li>\n<li>dal 2004 Confessore e formatore presso le Clarisse Cappuccine di Testona (TO)<\/li>\n<li>dal 2004 Parroco di Santi Pietro e Giorgio in Piov\u00e0 Massaia (AT)<\/li>\n<li>dal 2003 Parroco di Sant\u2019Andrea Apostolo in Cerreto d\u2019Asti (AT)<\/li>\n<li>dal 2003 Direttore Centro Studi Salus Hominis<\/li>\n<li>dal 2001 Presidente Associazione il Diaspro<\/li>\n<\/ul>\n<p style=\"text-align: justify;\"><\/div> <div id=\"symple-tab-pubblicazioni\" class=\"tab-content symple-clearfix \">\n<p style=\"text-align: justify;\"><strong>Bibliografia selettiva<\/strong><\/p>\n<p><strong>Libri e articoli\u00a0 \u00a0 \u00a0 \u00a0 \u00a0 \u00a0 \u00a0 \u00a0 \u00a0\u00a0<\/strong><\/p>\n<ul>\n<li>Berardi C. M. &#8211; Ferrero A. \u2013 Marletta L., (a cura di), <em>Vogliamo vedere\u2026 Allucinazione, visione, contemplazione\u201d<\/em>, Edizioni OCD, Roma 2017.<\/li>\n<li>Berardi C. M., Ferrero A., Demezzi C., <em>Ciencia y fe &#8211; Ciencia y magia. Posmodernidad y nueva evangelizaci\u00f3n<\/em>, Sicut Serpentes, Montevideo 2015.<\/li>\n<li>Berardi C. M. &#8211; Ferrero A., (a cura di), <em>Date loro da mangiare. Il cibo nutrimento e Pane di vita<\/em>, Edizioni OCD, Roma 2013.<\/li>\n<li>Berardi C.M. &#8211; Marletta L. (a cura di), <em>Terra di confine: demonologia, spiritualit\u00e0, malattia mentale. <\/em>Edizioni OCD, Roma 2007.<\/li>\n<li>\u00abIl dinamismo dello Spirito nell\u2019esperienza del cristiano\u00bb, Rivista di Vita Spirituale 65, 2.<\/li>\n<\/ul>\n<p>&nbsp;<\/p>\n<p><strong>Convegni e Conferenze\u00a0<\/strong><\/p>\n<ul>\n<li>2016 Corso di Formazione per sacerdoti, Diocesi di Kabgay (Rwanda).<\/li>\n<li>2016 Corso di Formazione per formatori dei seminari, Seminario di Kabgay (Rwanda).<\/li>\n<li>2016 Centro di Formazione Intercongregazioni, \u201cFondamenti di Antropologia Spirituale\u201d<\/li>\n<li>Ho Chi Min (Vietnam).<\/li>\n<li>2016 Centro Formazione Suore Amanti della Croce, <em>\u201cIl combattimento spirituale\u201d<\/em> Ho Chi Min (Vietnam).<\/li>\n<li>2015 Terzo Convegno Interdisciplinare: <em>\u201cVogliamo vedere\u2026 Allucinazione, visione, contemplazione\u201d,<\/em> Centro Studi Salus Homins, Roma. Moderatore e relatore: \u201cDalla luce alla bellezza, dalla visione all\u2019incontro\u201d. (Roma).<\/li>\n<li>2015 Facolt\u00e0 Teologica Montevideo, Biennio di Filosofia: <em>\u201cFundamentos de la demonologia y la espiritualidad\u201d<\/em>.<\/li>\n<li>2014 Conferenza ai carcerati con pena definitiva presso la Casa Circondariale di Rebibbia (Roma) sul tema: <em>\u201cLa speranza spezza le catene del male; psichico, morale, spirituale\u201d<\/em>.<\/li>\n<li>2014 Conferenze di formazione per i membri della comunit\u00e0 delle Oblate di Cristo Re, Centro Domus Pacis, Kigali (Rwanda): <em>\u201cDiscernement spirituel\u201d<\/em>.<\/li>\n<li>2014 Suore dell\u2019Assunzione, <em>\u201cLa vie de pri\u00e8re\u201d<\/em> Ho Chi Min (Vietnam).<\/li>\n<li>2014 Conferenze al Seminario per Docenti e Dottorandi, presso l\u2019Istituto Internazionale di Teologia Pastorale Sanitaria Camillianum &#8211; Roma, 25-28 Marzo 2014, sul tema: <em>\u201cPreghiere di liberazione, demonologia ed esorcismo\u201d<\/em>.<\/li>\n<li>2013 Facolt\u00e0 Teologica di Montevideo (Uruguay): <em>\u201cCiancia y fe, ciencia y magia\u201d<\/em>.<\/li>\n<li>2013 Monache Clarisse di Kabgay (Rwanda): <em>\u201cI principi della vita spirituale\u201d<\/em>.<\/li>\n<li>2013 Conferenza al Clero e alle Religiose della Diocesi di Melo-Trenta y tres (Uruguay): <em>\u201cEscuchar las nuestra heridas y las heridas de el Se\u00f1or\u201d<\/em>.<\/li>\n<li>2012 Progetto di ricerca <em>\u201cIrreligiosidad y salud mental\u201d<\/em> Univesit\u00e0 Cattolica dell&#8217;Argentina La Plata, sede di Rosario-Santa Fe.<\/li>\n<li>2011 Conferenza <em>\u201cPsicologia y espiritualidad del mal\u201d<\/em>, Univesit\u00e0 Cattolica dell&#8217;Argentina La Plata, sede di Rosario-Santa Fe.<\/li>\n<li>2011 Secondo Convegno Interdisciplinare: <em>\u201cDate loro da mangiare. Aspetti psicologici, sociali, spirituali sul cibo\u201d<\/em>, Centro Studi Salus Hominis, Roma. Moderatore e relatore: \u201cL\u2019uomo integrale e dialogo interdisciplinare\u201d.<\/li>\n<li>2011 Campus Universitario in Rosario S.F\u00e9, Facolt\u00e0 di Ingegneria, Chimica, Diritto, della Universit\u00e0 Cattolica Argentina sul tema: <em>\u201cEl ombre integral y el di\u00e0logo interdisciplinario como respuesta a la post-modernidad\u201d<\/em>.<\/li>\n<li>2011 Moderatore: Primo Convegno Interdisciplinare Salus Hominis, Centro Studi Salus Hominis, Roma: <em>\u201cTerra di confine: demonologia, spiritualit\u00e0, malattia mentale\u201d<\/em>. Moderatore e relatore: <em>\u201cPresenza e azione dello Spirito Santo nell\u2019esperienza spirituale del cristiano\u201d<\/em>.<\/li>\n<\/ul>\n<p style=\"text-align: justify;\"><\/div> <div id=\"symple-tab-insegnamento\" class=\"tab-content symple-clearfix \">\n<p style=\"text-align: justify;\"><strong>Anno Accademico 2025\/2026<\/strong><\/p>\n<table class=\"cw2m_corsiperdocente\" style=\"font-size: 13pt; width:100%; border:1px solid black; cell-padding:10px; cell-spacing: 5px;\"><tr style=\"background-color: #134b72; color: white;\"><td style=\"border: 1px solid black; padding: 5px;\">SIGLA<\/td><td style=\"border: 1px solid black; padding: 5px;\">DESCRIZIONE<\/td><td style=\"border: 1px solid black; padding: 5px;\">SEMESTRE<\/td><\/tr><\/table>\n<p style=\"text-align: justify;\"><\/div> <\/div>\n","protected":false},"excerpt":{"rendered":"<p>Claudio Matteo Berardi Pontificia Facolt\u00e0 Teologica\u00a0Teresianum Piazza San Pancrazio 5\/A 00152 Roma Italia berardi@teresianum.net www.donclaudioberardi.it\u00a0\u00a0\u00a0\u00a0 www.teologicamente.it \u00a0<\/p>\n","protected":false},"author":2,"featured_media":0,"parent":339,"menu_order":0,"comment_status":"closed","ping_status":"closed","template":"","meta":{"footnotes":""},"_links":{"self":[{"href":"https:\/\/www.teresianum.net\/en\/wp-json\/wp\/v2\/pages\/10437"}],"collection":[{"href":"https:\/\/www.teresianum.net\/en\/wp-json\/wp\/v2\/pages"}],"about":[{"href":"https:\/\/www.teresianum.net\/en\/wp-json\/wp\/v2\/types\/page"}],"author":[{"embeddable":true,"href":"https:\/\/www.teresianum.net\/en\/wp-json\/wp\/v2\/users\/2"}],"replies":[{"embeddable":true,"href":"https:\/\/www.teresianum.net\/en\/wp-json\/wp\/v2\/comments?post=10437"}],"version-history":[{"count":3,"href":"https:\/\/www.teresianum.net\/en\/wp-json\/wp\/v2\/pages\/10437\/revisions"}],"predecessor-version":[{"id":13111,"href":"https:\/\/www.teresianum.net\/en\/wp-json\/wp\/v2\/pages\/10437\/revisions\/13111"}],"up":[{"embeddable":true,"href":"https:\/\/www.teresianum.net\/en\/wp-json\/wp\/v2\/pages\/339"}],"wp:attachment":[{"href":"https:\/\/www.teresianum.net\/en\/wp-json\/wp\/v2\/media?parent=10437"}],"curies":[{"name":"wp","href":"https:\/\/api.w.org\/{rel}","templated":true}]}}