{"id":1025,"date":"2015-06-25T11:52:49","date_gmt":"2015-06-25T09:52:49","guid":{"rendered":"http:\/\/www.teresianum.net\/?page_id=1025"},"modified":"2020-07-18T17:34:06","modified_gmt":"2020-07-18T15:34:06","slug":"tp1311-teologia-morale-fondamentale-agire-da-figlio-in-cristo","status":"publish","type":"page","link":"https:\/\/www.teresianum.net\/en\/ciclo-istituzionale-di-teologia\/curriculum-di-studio-ciclo-istituzionale\/tp1311-teologia-morale-fondamentale-agire-da-figlio-in-cristo\/","title":{"rendered":"TP1311 Teologia morale fondamentale I"},"content":{"rendered":"<p class=\"qtranxs-available-languages-message qtranxs-available-languages-message-en\"> <p style=\"text-align: justify;\"><span style=\"color: #000000;\"><em>Docente<\/em>: Prof. <a target=\"_blank\" href=\"\/persone\/corpo-docente\/STEFANO-ZAMBONI\/\">STEFANO ZAMBONI<\/a><\/span><\/p>\n<p style=\"text-align: justify;\">\u00a0<\/p>\n<p style=\"text-align: justify;\"><strong>Giustificazione<\/strong><\/p>\n<p style=\"text-align: justify;\">L\u2019agire morale pu\u00f2 essere giustificato razionalmente nell\u2019orizzonte della fede cristiana? La domanda indica ci\u00f2 che gli studenti di teologia saranno portati a comprovare in un\u2019era di sconcerto in cui le scelte morali obbediscono spesso a riduzionismi antropocentrici. Il corso \u00e8 necessario per stabilire i fondamenti dell\u2019agire umano dal punto di vista della fede cristiana. L\u2019ancoraggio, cio\u00e8, di ogni comportamento nella vita in Cristo come esistenza filiale, sulla base dell\u2019antropologia cristocentrica indicata da <em>Gaudium et Spes<\/em>, n. 22, e sul legame tra fede e morale che emerge dal Decreto conciliare <em>Optatam totius<\/em> sulla formazione sacerdotale (n.16).<\/p>\n<p style=\"text-align: justify;\"><strong>Obiettivi<\/strong><\/p>\n<p style=\"text-align: justify;\">L\u2019obiettivo \u00e8 di offrire agli studenti un prospetto che serva anche da quadro ermeneutico dei temi e principi di morale. Questo prospetto \u00e8 formato dai tre elementi seguenti.<\/p>\n<ol>\n<li style=\"text-align: justify;\">La Tradizione, che dispiega l\u2019asseto reale della teologia morale per impararne le costanti, evitarne la riproduzione degli sbagli d\u2019impostazione e affrontare l\u2019attualit\u00e0 dell\u2019interpretazione morale della realt\u00e0.<\/li>\n<li style=\"text-align: justify;\">La base, costituita dalla Rivelazione alla quale ci si accosta\u00a0come fonte della teologia morale e non semplicemente come prova di teorie preconcette.<\/li>\n<li style=\"text-align: justify;\">L\u2019asse cristologica attorno alla quale si costruisce l\u2019uomo, nell\u2019esercizio della sua libert\u00e0 responsabile quando agisce moralmente, mettendo in moto le risorse umane (emozioni, sentimenti, facolt\u00e0 operative\u2026), che prendono la misura dall\u2019agire del Figlio di Dio fatto uomo.<\/li>\n<\/ol>\n<p style=\"text-align: left;\"><strong>Contenuti<\/strong><\/p>\n<p style=\"text-align: justify;\">Linguaggio della Tradizione sulla teologia morale, ovverosia cenni storici e inflessioni metodologiche della teologia morale.<\/p>\n<ol>\n<li style=\"text-align: left;\">Insegnamento morale dei Padri e contributo della teologia monastica.<\/li>\n<li style=\"text-align: left;\">Prospettiva giuridica indotta dalle esigenze del confessionale: dalla \u201cpenitenza tariffata\u201d fino alle <em>Summae confessorum<\/em>.<\/li>\n<li style=\"text-align: left;\">Trattazione sistematica del tema morale entro la sintesi teologica nella II Parte della <em>Somma Teologica<\/em> di san Tommaso.<\/li>\n<li style=\"text-align: left;\">Svolta nominalistica, volontaristica e legalistica.<\/li>\n<li style=\"text-align: left;\">Preoccupazione pratica ed enfasi precettistica nella <em>Theologia moralis postridentina<\/em>.<\/li>\n<li style=\"text-align: left;\">Articolazione tra coscienza, legge e libert\u00e0 nei sistemi morali.<\/li>\n<li style=\"text-align: left;\">Rinnovamento della teologia morale, un cantiere tuttora aperto.<\/li>\n<\/ol>\n<p style=\"text-align: justify;\">Teologia morale fondamentale: Epistemologia e metodologia. Fonti. Intreccio di modelli metodologici. Interdisciplinarit\u00e0 teologica e correlazione con dati di altre scienze. Proposta di definizioni descrittive criticamente fondate (S. Pinckaers; VS 29).<br \/>Rapporto tra Sacra Scrittura e teologia morale. Cenni storici e metodologici. Esperienza morale nella Bibbia. Impegno ermeneutico per l\u2019attualizzazione dei criteri biblici di moralit\u00e0.<br \/>Tema della legge morale.<\/p>\n<p style=\"text-align: left;\"><strong>Metodologia<\/strong><\/p>\n<ul>\n<li style=\"text-align: left;\">Indicazione di un manuale di base.<\/li>\n<li style=\"text-align: left;\">Esposizione in aula e trasmissione di note private con molte citazioni al fine di familiarizzare gli Studenti del primo anno di Teologia al ricorso alle fonti.<\/li>\n<li style=\"text-align: left;\">Esempio di trattazione del discorso sulla legge divina positiva nella visuale biblico-teologica (lettura approfondita del <em>Decalogo<\/em> nel <em>Catechismo della Chiesa Cattolica<\/em>)<\/li>\n<li style=\"text-align: left;\">Regolare breve verifica prima di iniziare ogni\u00a0lezione.<\/li>\n<\/ul>\n<p style=\"text-align: justify;\"><strong>Valutazione<\/strong><\/p>\n<p style=\"text-align: justify;\">Dopo il corso, la valutazione si baser\u00e0 su\u00a0un elaborato scritto relativo ai\u00a0temi proposti sui tre campi del contenuto.<\/p>\n<p style=\"text-align: justify;\"><strong>Bibliografia di base<\/strong><\/p>\n<ul>\n<li style=\"text-align: left;\"><em>Figli nel Figlio. Una teologia morale fondamentale<\/em>, a cura di R. TREMBLAY \u2013 S. ZAMBONI, EDB, Bologna 2008.<\/li>\n<li style=\"text-align: left;\">L. MELINA &#8211; J. NORIEGA &#8211; J.J. P\u00c9REZ-SOBA, <em>Camminare nella luce dell\u2019amore, <\/em>vol. 1 <em>I fondamenti della morale cristiana<\/em>, Cantagalli, Siena 2008.<\/li>\n<li style=\"text-align: left;\">A. THOMASSET, <em>Interpr\u00e9ter et agir. Jalons pour une \u00e9thique chr\u00e9tienne<\/em>, Cerf, Paris 2011.<\/li>\n<\/ul>","protected":false},"excerpt":{"rendered":"<p>Docente: Prof. \u00a0 Giustificazione L\u2019agire morale pu\u00f2 essere giustificato razionalmente nell\u2019orizzonte della fede cristiana? La domanda indica ci\u00f2 che gli [&hellip;]<\/p>\n","protected":false},"author":2,"featured_media":0,"parent":85,"menu_order":0,"comment_status":"closed","ping_status":"closed","template":"","meta":{"footnotes":""},"_links":{"self":[{"href":"https:\/\/www.teresianum.net\/en\/wp-json\/wp\/v2\/pages\/1025"}],"collection":[{"href":"https:\/\/www.teresianum.net\/en\/wp-json\/wp\/v2\/pages"}],"about":[{"href":"https:\/\/www.teresianum.net\/en\/wp-json\/wp\/v2\/types\/page"}],"author":[{"embeddable":true,"href":"https:\/\/www.teresianum.net\/en\/wp-json\/wp\/v2\/users\/2"}],"replies":[{"embeddable":true,"href":"https:\/\/www.teresianum.net\/en\/wp-json\/wp\/v2\/comments?post=1025"}],"version-history":[{"count":13,"href":"https:\/\/www.teresianum.net\/en\/wp-json\/wp\/v2\/pages\/1025\/revisions"}],"predecessor-version":[{"id":17655,"href":"https:\/\/www.teresianum.net\/en\/wp-json\/wp\/v2\/pages\/1025\/revisions\/17655"}],"up":[{"embeddable":true,"href":"https:\/\/www.teresianum.net\/en\/wp-json\/wp\/v2\/pages\/85"}],"wp:attachment":[{"href":"https:\/\/www.teresianum.net\/en\/wp-json\/wp\/v2\/media?parent=1025"}],"curies":[{"name":"wp","href":"https:\/\/api.w.org\/{rel}","templated":true}]}}