{"id":1020,"date":"2015-06-25T11:36:00","date_gmt":"2015-06-25T09:36:00","guid":{"rendered":"http:\/\/www.teresianum.net\/?page_id=1020"},"modified":"2026-03-13T18:07:47","modified_gmt":"2026-03-13T17:07:47","slug":"tp1181-antropologia-soprannaturale-ii-virtu-teologali","status":"publish","type":"page","link":"https:\/\/www.teresianum.net\/en\/ciclo-istituzionale-di-teologia\/curriculum-di-studio-ciclo-istituzionale\/tp1181-antropologia-soprannaturale-ii-virtu-teologali\/","title":{"rendered":"TP1181 Antropologia soprannaturale: virt\u00f9 teologali"},"content":{"rendered":"<p class=\"qtranxs-available-languages-message qtranxs-available-languages-message-en\"> <p style=\"text-align: justify;\"><em>Docente:<\/em> Prof. <span style=\"color: #000000;\"> <a target=\"_blank\" href=\"\/persone\/corpo-docente\/IACOPO-IADAROLA\/\">IACOPO IADAROLA<\/a>\u00a0<\/span><\/p>\n<p id=\"yui_3_17_2_1_1768238035801_898\" style=\"text-align: justify;\"><b>Giustificazione<\/b><\/p>\n<p style=\"text-align: justify;\">Come insegna il Catechismo della Chiesa Cattolica, le virt\u00f9 teologali fondano, animano e caratterizzano l&#8217;agire morale del cristiano. Esse informano e vivificano tutte le virt\u00f9 morali. Sono infuse da Dio nell&#8217;anima dei fedeli per renderli capaci di agire quali suoi figli e meritare la vita eterna. Sono il pegno della presenza e dell&#8217;azione dello Spirito Santo nelle facolt\u00e0 dell&#8217;essere umano e rendono le facolt\u00e0 dell&#8217;uomo idonee alla partecipazione alla natura divina.<\/p>\n<p style=\"text-align: justify;\"><b>Obiettivi<\/b><\/p>\n<p style=\"text-align: justify;\">Con questo corso si intende offrire un approfondimento teologico-spirituale delle tre virt\u00f9 teologali, che aiuter\u00e0 gli studenti a individuare e vivere pi\u00f9 approfonditamente le dinamiche spirituali della fede, speranza e di carit\u00e0, in armonia con le Scritture e la Tradizione della Chiesa (in particolare attraverso i suoi tre Dottori carmelitani e il\u00a0<i>Doctor angelicus<\/i>), per conseguire \u00abIl fine di una vita virtuosa che consiste nel divenire simili a Dio\u00bb (Gregorio di Nissa,\u00a0<i>De beatitudinibus<\/i>,\u00a0<i>Oratio<\/i>\u00a01).<\/p>\n<p style=\"text-align: justify;\"><b>Contenuti<\/b><\/p>\n<p id=\"yui_3_17_2_1_1768238035801_639\" style=\"text-align: justify;\">Il corso sar\u00e0 diviso in 4 moduli: 1) Sguardo generale sulle virt\u00f9 teologali: prospettiva sistematica e storica; 2) La virt\u00f9 della fede: la fede nella Bibbia; la fede nella\u00a0<i id=\"yui_3_17_2_1_1768238035801_670\">Summa theologiae<\/i>; la fede in Giovanni della Croce; 3) La virt\u00f9 della speranza: la speranza nella Bibbia; la speranza nella\u00a0<i id=\"yui_3_17_2_1_1768238035801_693\">Summa theologiae<\/i>; la speranza in Teresa d\u2019Avila; 4) La virt\u00f9 della carit\u00e0: la carit\u00e0 nella Bibbia; la carit\u00e0 nella\u00a0<i id=\"yui_3_17_2_1_1768238035801_667\">Summa theologiae<\/i>; la carit\u00e0 in Teresa di Lisieux.<\/p>\n<p style=\"text-align: justify;\"><b>Metodologia<\/b><\/p>\n<p style=\"text-align: justify;\">Lezioni frontali con possibilit\u00e0 per gli studenti di interagire con l\u2019insegnante. Distribuzione di materiale bibliografico attraverso la piattaforma\u00a0<i>Moodle<\/i>\u00a0della Facolt\u00e0.<\/p>\n<p style=\"text-align: justify;\"><b>Criteri di valutazione<\/b><\/p>\n<p style=\"text-align: justify;\">Lo studente sar\u00e0 valutato in base alla sua partecipazione al corso e all\u2019esame orale finale.<\/p>\n<p style=\"text-align: justify;\"><b>Distribuzione del tempo di lavoro<\/b><\/p>\n<p style=\"text-align: justify;\">24 ore di lezioni. Il tempo rimanente verr\u00e0 dedicato allo studio e all\u2019approfondimento personale.<\/p>\n<p style=\"text-align: justify;\"><b>Bibliografia<\/b><\/p>\n<ul>\n<li style=\"text-align: justify;\">Ballestrero, A.,\u00a0<i>Vita teologale<\/i>, Monastero S. Giuseppe, Roma 1978.<\/li>\n<li style=\"text-align: justify;\"><span lang=\"EN-US\">von Balthasar, H.U.,\u00a0<i>Homo creatus est. Saggi teologici &#8211; V<\/i>, Jaca book, Milano 2010.<\/span><\/li>\n<li style=\"text-align: justify;\">Cazzulani, G. \u2013\u00a0<i>al<\/i>., ed.,\u00a0<i>Lo Spirito, le brecce e la danza. Introduzione alla spiritualit\u00e0 cristiana<\/i>, Il pozzo di Giacobbe, Trapani 2021.<\/li>\n<li style=\"text-align: justify;\">Cozzoli, M.,\u00a0<i>Etica teologale. Fede, carit\u00e0, speranza<\/i>, San Paolo Edizioni, Milano 2016.<\/li>\n<li id=\"yui_3_17_2_1_1773421515373_639\">Furioni, G., \u00abLe virt\u00f9 teologali nella dinamica della vita spirituale\u00bb,\u00a0<i id=\"yui_3_17_2_1_1773421515373_804\">Rivista di Vita Spirituale<\/i>\u00a053 (1999) 258-279.<\/li>\n<li style=\"text-align: justify;\">Giovanni Paolo II, Lettera apostolica\u00a0<i>Maestro della fede\u00a0<\/i>in occasione del IV Centenario della morte di San Giovanni della Croce Dottore della Chiesa, 14 dicembre 1990.<\/li>\n<li style=\"text-align: justify;\">Id., Lettera apostolica\u00a0<i>La scienza dell\u2019amore divino<\/i>\u00a0con cui Teresa di Ges\u00f9 Bambino e del Volto Santo \u00e8 proclamata Dottore della Chiesa, 19 ottobre 1997.<\/li>\n<li style=\"text-align: justify;\">Iadarola, I., \u00abTeresa pellegrina di speranza\u00bb,\u00a0<i>Rivista di Vita Spirituale<\/i>\u00a079 (2025) 161-178.299-313.<\/li>\n<li id=\"yui_3_17_2_1_1768248694207_639\">Penna, R.\u00a0\u2013 Perego, G.\u00a0\u2013 Ravasi, G.,\u00a0<i id=\"yui_3_17_2_1_1768248694207_1454\">Temi teologici della Bibbia<\/i>, San Paolo, Milano 2010.<\/li>\n<li style=\"text-align: justify;\">Tommaso d\u2019Aquino,\u00a0<i>Summa theologiae<\/i>, II-IIae Pars, qq. 1-46.<\/li>\n<\/ul>","protected":false},"excerpt":{"rendered":"<p>Docente: Prof. \u00a0 Giustificazione Come insegna il Catechismo della Chiesa Cattolica, le virt\u00f9 teologali fondano, animano e caratterizzano l&#8217;agire morale [&hellip;]<\/p>\n","protected":false},"author":2,"featured_media":0,"parent":85,"menu_order":0,"comment_status":"closed","ping_status":"closed","template":"","meta":{"footnotes":""},"_links":{"self":[{"href":"https:\/\/www.teresianum.net\/en\/wp-json\/wp\/v2\/pages\/1020"}],"collection":[{"href":"https:\/\/www.teresianum.net\/en\/wp-json\/wp\/v2\/pages"}],"about":[{"href":"https:\/\/www.teresianum.net\/en\/wp-json\/wp\/v2\/types\/page"}],"author":[{"embeddable":true,"href":"https:\/\/www.teresianum.net\/en\/wp-json\/wp\/v2\/users\/2"}],"replies":[{"embeddable":true,"href":"https:\/\/www.teresianum.net\/en\/wp-json\/wp\/v2\/comments?post=1020"}],"version-history":[{"count":21,"href":"https:\/\/www.teresianum.net\/en\/wp-json\/wp\/v2\/pages\/1020\/revisions"}],"predecessor-version":[{"id":194242,"href":"https:\/\/www.teresianum.net\/en\/wp-json\/wp\/v2\/pages\/1020\/revisions\/194242"}],"up":[{"embeddable":true,"href":"https:\/\/www.teresianum.net\/en\/wp-json\/wp\/v2\/pages\/85"}],"wp:attachment":[{"href":"https:\/\/www.teresianum.net\/en\/wp-json\/wp\/v2\/media?parent=1020"}],"curies":[{"name":"wp","href":"https:\/\/api.w.org\/{rel}","templated":true}]}}